{"id":639,"date":"2020-10-29T07:31:25","date_gmt":"2020-10-29T07:31:25","guid":{"rendered":"https:\/\/www.waltergrootscholten.nl\/?page_id=639"},"modified":"2020-10-29T07:38:14","modified_gmt":"2020-10-29T07:38:14","slug":"bienvenue-dans-le-monde-de-walter-grootscholten","status":"publish","type":"page","link":"https:\/\/www.waltergrootscholten.nl\/fr\/","title":{"rendered":"Bienvenue dans le monde de Walter Grootscholten"},"content":{"rendered":"<p id=\"tw-target-text\" class=\"tw-data-text tw-text-large XcVN5d tw-ta\" dir=\"ltr\" style=\"text-align: center;\" data-placeholder=\"Vertaling\"><span lang=\"fr\">Nous sommes une p\u00e9pini\u00e8re moderne de phalaenopsis coup\u00e9s de haute qualit\u00e9, bas\u00e9e aux Pays-Bas et fournissant<br \/>\n<\/span><span lang=\"fr\">une<\/span><span lang=\"fr\"> large gamme de orchid\u00e9es toute l&rsquo;ann\u00e9e aux Pays-Bas et dans le monde.<\/span><\/p>\n<p>&nbsp;<\/p>\n","protected":false},"excerpt":{"rendered":"<p>Nous sommes une p\u00e9pini\u00e8re moderne de phalaenopsis coup\u00e9s de haute qualit\u00e9, bas\u00e9e aux Pays-Bas et fournissant une large gamme de orchid\u00e9es toute l&rsquo;ann\u00e9e aux Pays-Bas et dans le monde. &nbsp;<\/p>\n","protected":false},"author":5,"featured_media":0,"parent":0,"menu_order":3,"comment_status":"closed","ping_status":"closed","template":"","meta":{"_monsterinsights_skip_tracking":false,"_monsterinsights_sitenote_active":false,"_monsterinsights_sitenote_note":"","_monsterinsights_sitenote_category":0,"footnotes":""},"class_list":["post-639","page","type-page","status-publish","hentry"],"yoast_head":"<!-- This site is optimized with the Yoast SEO plugin v27.3 - https:\/\/yoast.com\/product\/yoast-seo-wordpress\/ -->\n<title>Bienvenue dans le monde de Walter Grootscholten - Walter Grootscholten orchid nursery<\/title>\n<meta name=\"robots\" content=\"index, follow, max-snippet:-1, max-image-preview:large, max-video-preview:-1\" \/>\n<link rel=\"canonical\" href=\"https:\/\/www.waltergrootscholten.nl\/fr\/\" \/>\n<meta property=\"og:locale\" content=\"fr_FR\" \/>\n<meta property=\"og:type\" content=\"article\" \/>\n<meta property=\"og:title\" content=\"Bienvenue dans le monde de Walter Grootscholten - Walter Grootscholten orchid nursery\" \/>\n<meta property=\"og:description\" content=\"Nous sommes une p\u00e9pini\u00e8re moderne de phalaenopsis coup\u00e9s de haute qualit\u00e9, bas\u00e9e aux Pays-Bas et fournissant une large gamme de orchid\u00e9es toute l&rsquo;ann\u00e9e aux Pays-Bas et dans le monde. &nbsp;\" \/>\n<meta property=\"og:url\" content=\"https:\/\/www.waltergrootscholten.nl\/fr\/\" \/>\n<meta property=\"og:site_name\" content=\"Walter Grootscholten orchid nursery\" \/>\n<meta property=\"article:publisher\" content=\"https:\/\/www.facebook.com\/phalaenopsisbywalter\" \/>\n<meta property=\"article:modified_time\" content=\"2020-10-29T07:38:14+00:00\" \/>\n<meta name=\"twitter:card\" content=\"summary_large_image\" \/>\n<meta name=\"twitter:site\" content=\"@walterorchids\" \/>\n<script type=\"application\/ld+json\" class=\"yoast-schema-graph\">{\"@context\":\"https:\\\/\\\/schema.org\",\"@graph\":[{\"@type\":\"WebPage\",\"@id\":\"https:\\\/\\\/www.waltergrootscholten.nl\\\/fr\\\/\",\"url\":\"https:\\\/\\\/www.waltergrootscholten.nl\\\/fr\\\/\",\"name\":\"Bienvenue dans le monde de Walter Grootscholten - Walter Grootscholten orchid nursery\",\"isPartOf\":{\"@id\":\"https:\\\/\\\/www.waltergrootscholten.nl\\\/fr\\\/#website\"},\"datePublished\":\"2020-10-29T07:31:25+00:00\",\"dateModified\":\"2020-10-29T07:38:14+00:00\",\"breadcrumb\":{\"@id\":\"https:\\\/\\\/www.waltergrootscholten.nl\\\/fr\\\/#breadcrumb\"},\"inLanguage\":\"fr-FR\",\"potentialAction\":[{\"@type\":\"ReadAction\",\"target\":[\"https:\\\/\\\/www.waltergrootscholten.nl\\\/fr\\\/\"]}]},{\"@type\":\"BreadcrumbList\",\"@id\":\"https:\\\/\\\/www.waltergrootscholten.nl\\\/fr\\\/#breadcrumb\",\"itemListElement\":[{\"@type\":\"ListItem\",\"position\":1,\"name\":\"Home\",\"item\":\"https:\\\/\\\/www.waltergrootscholten.nl\\\/fr\\\/\"},{\"@type\":\"ListItem\",\"position\":2,\"name\":\"Bienvenue dans le monde de Walter Grootscholten\"}]},{\"@type\":\"WebSite\",\"@id\":\"https:\\\/\\\/www.waltergrootscholten.nl\\\/fr\\\/#website\",\"url\":\"https:\\\/\\\/www.waltergrootscholten.nl\\\/fr\\\/\",\"name\":\"Walter Grootscholten orchid nursery\",\"description\":\"\",\"publisher\":{\"@id\":\"https:\\\/\\\/www.waltergrootscholten.nl\\\/fr\\\/#organization\"},\"potentialAction\":[{\"@type\":\"SearchAction\",\"target\":{\"@type\":\"EntryPoint\",\"urlTemplate\":\"https:\\\/\\\/www.waltergrootscholten.nl\\\/fr\\\/?s={search_term_string}\"},\"query-input\":{\"@type\":\"PropertyValueSpecification\",\"valueRequired\":true,\"valueName\":\"search_term_string\"}}],\"inLanguage\":\"fr-FR\"},{\"@type\":\"Organization\",\"@id\":\"https:\\\/\\\/www.waltergrootscholten.nl\\\/fr\\\/#organization\",\"name\":\"Walter Grootscholten\",\"url\":\"https:\\\/\\\/www.waltergrootscholten.nl\\\/fr\\\/\",\"logo\":{\"@type\":\"ImageObject\",\"inLanguage\":\"fr-FR\",\"@id\":\"https:\\\/\\\/www.waltergrootscholten.nl\\\/fr\\\/#\\\/schema\\\/logo\\\/image\\\/\",\"url\":\"https:\\\/\\\/www.waltergrootscholten.nl\\\/wp-content\\\/uploads\\\/2019\\\/11\\\/Phalaenopsis_ByWalter-favicon.png\",\"contentUrl\":\"https:\\\/\\\/www.waltergrootscholten.nl\\\/wp-content\\\/uploads\\\/2019\\\/11\\\/Phalaenopsis_ByWalter-favicon.png\",\"width\":512,\"height\":512,\"caption\":\"Walter Grootscholten\"},\"image\":{\"@id\":\"https:\\\/\\\/www.waltergrootscholten.nl\\\/fr\\\/#\\\/schema\\\/logo\\\/image\\\/\"},\"sameAs\":[\"https:\\\/\\\/www.facebook.com\\\/phalaenopsisbywalter\",\"https:\\\/\\\/x.com\\\/walterorchids\",\"https:\\\/\\\/www.instagram.com\\\/phalaenopsisbywalter\",\"https:\\\/\\\/www.linkedin.com\\\/company\\\/phalaenopsisbywalter\",\"http:\\\/\\\/pinterest.com\\\/phalaenopsisbywalter\",\"https:\\\/\\\/www.youtube.com\\\/channel\\\/UC3eXzi3H1GtRQC7OySBBsjA\"]}]}<\/script>\n<!-- \/ Yoast SEO plugin. -->","yoast_head_json":{"title":"Bienvenue dans le monde de Walter Grootscholten - Walter Grootscholten orchid nursery","robots":{"index":"index","follow":"follow","max-snippet":"max-snippet:-1","max-image-preview":"max-image-preview:large","max-video-preview":"max-video-preview:-1"},"canonical":"https:\/\/www.waltergrootscholten.nl\/fr\/","og_locale":"fr_FR","og_type":"article","og_title":"Bienvenue dans le monde de Walter Grootscholten - Walter Grootscholten orchid nursery","og_description":"Nous sommes une p\u00e9pini\u00e8re moderne de phalaenopsis coup\u00e9s de haute qualit\u00e9, bas\u00e9e aux Pays-Bas et fournissant une large gamme de orchid\u00e9es toute l&rsquo;ann\u00e9e aux Pays-Bas et dans le monde. &nbsp;","og_url":"https:\/\/www.waltergrootscholten.nl\/fr\/","og_site_name":"Walter Grootscholten orchid nursery","article_publisher":"https:\/\/www.facebook.com\/phalaenopsisbywalter","article_modified_time":"2020-10-29T07:38:14+00:00","twitter_card":"summary_large_image","twitter_site":"@walterorchids","schema":{"@context":"https:\/\/schema.org","@graph":[{"@type":"WebPage","@id":"https:\/\/www.waltergrootscholten.nl\/fr\/","url":"https:\/\/www.waltergrootscholten.nl\/fr\/","name":"Bienvenue dans le monde de Walter Grootscholten - Walter Grootscholten orchid nursery","isPartOf":{"@id":"https:\/\/www.waltergrootscholten.nl\/fr\/#website"},"datePublished":"2020-10-29T07:31:25+00:00","dateModified":"2020-10-29T07:38:14+00:00","breadcrumb":{"@id":"https:\/\/www.waltergrootscholten.nl\/fr\/#breadcrumb"},"inLanguage":"fr-FR","potentialAction":[{"@type":"ReadAction","target":["https:\/\/www.waltergrootscholten.nl\/fr\/"]}]},{"@type":"BreadcrumbList","@id":"https:\/\/www.waltergrootscholten.nl\/fr\/#breadcrumb","itemListElement":[{"@type":"ListItem","position":1,"name":"Home","item":"https:\/\/www.waltergrootscholten.nl\/fr\/"},{"@type":"ListItem","position":2,"name":"Bienvenue dans le monde de Walter Grootscholten"}]},{"@type":"WebSite","@id":"https:\/\/www.waltergrootscholten.nl\/fr\/#website","url":"https:\/\/www.waltergrootscholten.nl\/fr\/","name":"Walter Grootscholten orchid nursery","description":"","publisher":{"@id":"https:\/\/www.waltergrootscholten.nl\/fr\/#organization"},"potentialAction":[{"@type":"SearchAction","target":{"@type":"EntryPoint","urlTemplate":"https:\/\/www.waltergrootscholten.nl\/fr\/?s={search_term_string}"},"query-input":{"@type":"PropertyValueSpecification","valueRequired":true,"valueName":"search_term_string"}}],"inLanguage":"fr-FR"},{"@type":"Organization","@id":"https:\/\/www.waltergrootscholten.nl\/fr\/#organization","name":"Walter Grootscholten","url":"https:\/\/www.waltergrootscholten.nl\/fr\/","logo":{"@type":"ImageObject","inLanguage":"fr-FR","@id":"https:\/\/www.waltergrootscholten.nl\/fr\/#\/schema\/logo\/image\/","url":"https:\/\/www.waltergrootscholten.nl\/wp-content\/uploads\/2019\/11\/Phalaenopsis_ByWalter-favicon.png","contentUrl":"https:\/\/www.waltergrootscholten.nl\/wp-content\/uploads\/2019\/11\/Phalaenopsis_ByWalter-favicon.png","width":512,"height":512,"caption":"Walter Grootscholten"},"image":{"@id":"https:\/\/www.waltergrootscholten.nl\/fr\/#\/schema\/logo\/image\/"},"sameAs":["https:\/\/www.facebook.com\/phalaenopsisbywalter","https:\/\/x.com\/walterorchids","https:\/\/www.instagram.com\/phalaenopsisbywalter","https:\/\/www.linkedin.com\/company\/phalaenopsisbywalter","http:\/\/pinterest.com\/phalaenopsisbywalter","https:\/\/www.youtube.com\/channel\/UC3eXzi3H1GtRQC7OySBBsjA"]}]}},"_links":{"self":[{"href":"https:\/\/www.waltergrootscholten.nl\/fr\/wp-json\/wp\/v2\/pages\/639","targetHints":{"allow":["GET"]}}],"collection":[{"href":"https:\/\/www.waltergrootscholten.nl\/fr\/wp-json\/wp\/v2\/pages"}],"about":[{"href":"https:\/\/www.waltergrootscholten.nl\/fr\/wp-json\/wp\/v2\/types\/page"}],"author":[{"embeddable":true,"href":"https:\/\/www.waltergrootscholten.nl\/fr\/wp-json\/wp\/v2\/users\/5"}],"replies":[{"embeddable":true,"href":"https:\/\/www.waltergrootscholten.nl\/fr\/wp-json\/wp\/v2\/comments?post=639"}],"version-history":[{"count":2,"href":"https:\/\/www.waltergrootscholten.nl\/fr\/wp-json\/wp\/v2\/pages\/639\/revisions"}],"predecessor-version":[{"id":645,"href":"https:\/\/www.waltergrootscholten.nl\/fr\/wp-json\/wp\/v2\/pages\/639\/revisions\/645"}],"wp:attachment":[{"href":"https:\/\/www.waltergrootscholten.nl\/fr\/wp-json\/wp\/v2\/media?parent=639"}],"curies":[{"name":"wp","href":"https:\/\/api.w.org\/{rel}","templated":true}]}}